{"id":1487,"date":"2025-03-09T09:16:57","date_gmt":"2025-03-09T08:16:57","guid":{"rendered":"https:\/\/tantricmassagesfuengirola.com\/?page_id=1487"},"modified":"2025-03-18T18:04:32","modified_gmt":"2025-03-18T17:04:32","slug":"politica-de-privacidad","status":"publish","type":"page","link":"https:\/\/tantricmassagesfuengirola.com\/es\/politica-de-privacidad\/","title":{"rendered":"Pol\u00edtica de privacidad"},"content":{"rendered":"\t\t<div data-elementor-type=\"wp-page\" data-elementor-id=\"1487\" class=\"elementor elementor-1487\" data-elementor-post-type=\"page\">\n\t\t\t\t<div class=\"elementor-element elementor-element-85cc53a e-flex e-con-boxed e-con e-parent\" data-id=\"85cc53a\" data-element_type=\"container\">\n\t\t\t\t\t<div class=\"e-con-inner\">\n\t\t\t\t<div class=\"elementor-element elementor-element-42f8221 elementor-widget elementor-widget-heading\" data-id=\"42f8221\" data-element_type=\"widget\" data-widget_type=\"heading.default\">\n\t\t\t\t<div class=\"elementor-widget-container\">\n\t\t\t\t\t<h1 class=\"elementor-heading-title elementor-size-default\">Pol\u00edtica de privacidad<\/h1>\t\t\t\t<\/div>\n\t\t\t\t<\/div>\n\t\t\t\t<div class=\"elementor-element elementor-element-d953ccd elementor-widget elementor-widget-text-editor\" data-id=\"d953ccd\" data-element_type=\"widget\" data-widget_type=\"text-editor.default\">\n\t\t\t\t<div class=\"elementor-widget-container\">\n\t\t\t\t\t\t\t\t\t<p><strong>I. RESPONSABLE DEL TRATAMIENTO<\/strong><\/p><p><strong><em>\u00bfQui\u00e9n es el responsable de sus datos?<\/em><\/strong><\/p><p><strong>Titular<\/strong>: Tantric Massages Fuengirola<br \/><strong>Domicilio social<\/strong>: Av. Ram\u00f3n y Cajal, 32, 29640 Fuengirola, M\u00e1laga.<br \/><strong>Tel\u00e9fono<\/strong>: 602 50 86 49<br \/><strong>E-mail<\/strong>: info@tantricmassagesfuengirola.com<\/p><p><strong>II. FINALIDAD DEL TRATAMIENTO DE LOS DATOS Y CATEGOR\u00cdAS DE DATOS TRATADOS<\/strong><\/p><p><strong><em>\u00bfCon qu\u00e9 finalidad recabamos y tratamos sus datos personales?<\/em><\/strong><\/p><p>La web tantricmassagesfuengirola.com tratar\u00e1 los datos del usuario, de manera manual y\/o automatizada, para las siguientes finalidades espec\u00edficas:<\/p><ul><li>Contactar de forma individualizada con el usuario que previamente se haya puesto en contacto con nosotros a trav\u00e9s del formulario de contacto que aparece en nuestra p\u00e1gina web.<\/li><li>Newsletter: suscripci\u00f3n para todos los usuarios que deseen recibir por email las novedades de la web, boletines, promociones u ofertas especiales. Para recibir esta Newsletter ser\u00e1 preciso aportar Nombre, Email y Pa\u00eds, adem\u00e1s de aceptar esta Pol\u00edtica de Privacidad. La lista de suscriptores est\u00e1 gestionada por mi proveedor de email marketing MailerLite, el cual cumple con la <a href=\"https:\/\/www.mailerlite.com\/gdpr-compliance\" target=\"_blank\" rel=\"noopener\">normativa de la UE respecto al RGPD<\/a>.<\/li><li>Realizar informes estad\u00edsticos an\u00f3nimos y de car\u00e1cter interno respecto a los h\u00e1bitos de acceso y la actividad desarrollada por los usuarios en <a href=\"https:\/\/tantricmassagesfuengirola.com\/\">https:\/\/tantricmassagesfuengirola.com\/<\/a><\/li><li>Elaborar un perfil del usuario utilizando los datos derivados de las p\u00e1ginas de nuestra web visitadas (datos de navegaci\u00f3n, h\u00e1bitos de acceso, tr\u00e1fico), salvo que se indique lo contrario o el usuario se oponga o revoque su consentimiento.<\/li><li>Dar cumplimiento a las obligaciones legalmente establecidas, incluida la prevenci\u00f3n de fraude.<\/li><\/ul><p><strong><em>\u00bfQu\u00e9 categor\u00edas de datos tratamos?<\/em><\/strong><\/p><p>Atendiendo a las finalidades antes mencionadas, la web tantricmassagesfuengirola.com, trata las siguientes categor\u00edas de datos:<\/p><ul><li>Datos identificativos: nombre y apellidos e email (datos a rellenar en el formulario de contacto.<\/li><li>Podr\u00eda tratar otros datos de car\u00e1cter identificativo que el propio usuario podr\u00eda incluir bajo su propia responsabilidad en el mensaje enviado a trav\u00e9s del formulario de contacto: tel\u00e9fono para contactar e informarle, DNI, direcci\u00f3n postal, etc.<\/li><li>Metadatos y cookies de comunicaciones electr\u00f3nicas y uso de <a href=\"https:\/\/tantricmassagesfuengirola.com\/\">https:\/\/tantricmassagesfuengirola.com\/<\/a><\/li><\/ul><p>Los datos personales de nombre e email son obligatorios a cumplimentar en el formulario de contacto de nuestra web. El usuario garantiza que los datos aportados, obligatorios o aportados bajo su responsabilidad, son verdaderos, exactos, completos y actualizados, siendo responsable de cualquier da\u00f1o o perjuicio, directo o indirecto, que pudiera ocasionarse como consecuencia del incumplimiento de tal obligaci\u00f3n.<\/p><p>En caso de que el usuario facilite datos de terceros, manifiesta contar con el consentimiento de los mismos y se compromete a trasladarle la informaci\u00f3n contenida en esta cl\u00e1usula, eximiendo a la web tantricmassagesfuengirola.com de cualquier responsabilidad en este sentido.<\/p><p><strong><em>\u00bfDurante cu\u00e1nto tiempo trataremos sus datos personales?<\/em><\/strong><\/p><p>La web tantricmassagesfuengirola.com conservar\u00e1 los datos personales proporcionados por los usuarios que han decidido expl\u00edcitamente solicitar informaci\u00f3n o hacer una consulta, conservando dichos datos de forma indefinida salvo que, o el usuario se oponga o solicite su supresi\u00f3n.<\/p><p><strong><em>\u00bfQu\u00e9 medidas de seguridad implantamos para cuidar sus datos?<\/em><\/strong><\/p><p>La web tantricmassagesfuengirola.com llevar\u00e1 a cabo las medidas de seguridad t\u00e9cnicas necesarias para evitar su p\u00e9rdida, manipulaci\u00f3n, difusi\u00f3n o alteraci\u00f3n.<\/p><ul><li>Encriptaci\u00f3n de las comunicaciones entre el dispositivo del usuario y los servidores de <a href=\"https:\/\/tantricmassagesfuengirola.com\/\">https:\/\/tantricmassagesfuengirola.com\/<\/a><\/li><li>Otras medidas adicionales que eviten el acceso a los datos del usuario por parte de terceros.<\/li><\/ul><p><strong>III. COMUNICACIONES DE DATOS<\/strong><\/p><p><strong><em>\u00bfA qu\u00e9 destinatarios se comunicar\u00e1n tus datos?<\/em><\/strong><\/p><p>La web tantricmassagesfuengirola.com informa al usuario que sus datos solo ser\u00e1n comunicados a las siguientes empresas:<\/p><ul><li>Google, Inc. trata los datos con objetivo de realizar labores de anal\u00edtica web y almacenamiento y procesado de datos en la nube, una compa\u00f1\u00eda de Delaware cuya oficina principal est\u00e1 en 1600 Amphitheatre Parkway, Mountain View (California), CA 94043, Estados Unidos. Google cumple el acuerdo marco Escudo de la privacidad UE \u2013 EE. UU. tal como establece el Departamento de Comercio de los Estados Unidos en lo que respecta a recopilar, utilizar y conservar informaci\u00f3n personal de pa\u00edses miembros de la Uni\u00f3n Europea (<a href=\"https:\/\/www.privacyshield.gov\/participant?id=a2zt000000001L5AAI\">https:\/\/www.privacyshield.gov\/participant?id=a2zt000000001L5AAI<\/a>).<\/li><li>RunCloud Sdn Bhd, con n\u00famero de registro 201701034105 (1248276-T) y sede en Malasia, trata los datos de esta web con la finalidad de prestar sus servicios de gesti\u00f3n de servidores en la nube. M\u00e1s informaci\u00f3n en: <a href=\"https:\/\/runcloud.io\/legal\/tos\" target=\"_blank\" rel=\"noopener\">https:\/\/runcloud.io\/legal\/tos<\/a>.<\/li><li>Automattic Inc., con domicilio en San Francisco, California 94110, EEUU, trata los datos con la finalidad de realizar sus servicios de plataforma web. Automattic cumple el acuerdo marco Escudo de la privacidad UE \u2013 EE. UU. tal como establece el Departamento de Comercio de los Estados Unidos en lo que respecta a recopilar, utilizar y conservar informaci\u00f3n personal de pa\u00edses miembros de la Uni\u00f3n Europea (<a href=\"https:\/\/www.privacyshield.gov\/participant?id=a2zt0000000CbqcAAC&amp;status=Active\">https:\/\/www.privacyshield.gov\/participant?id=a2zt0000000CbqcAAC&amp;status=Active<\/a>).<\/li><\/ul><p>Adicionalmente, le informamos que determinados datos, en el marco de la normativa vigente o de la relaci\u00f3n que mantenga con la web tantricmassagesfuengirola.com, pueden ser comunicados a:<\/p><ul><li>Las Fuerzas y Cuerpos de Seguridad del Estado en virtud de lo establecido en la Ley.<\/li><\/ul><p><strong>IV. LEGITIMACI\u00d3N<\/strong><\/p><p><strong><em>\u00bfCu\u00e1l es la legitimaci\u00f3n para el tratamiento de sus datos?<\/em><\/strong><\/p><p>La legitimaci\u00f3n por parte de la web tantricmassagesfuengirola.com para llevar a cabo el tratamiento de los datos de los usuarios, se encuentra en el consentimiento expl\u00edcito a trav\u00e9s de la aceptaci\u00f3n de nuestra pol\u00edtica de privacidad.<\/p><p>El consentimiento u aceptaci\u00f3n de la pol\u00edtica de privacidad se obtendr\u00e1 a trav\u00e9s del formulario de contacto en <a href=\"https:\/\/tantricmassagesfuengirola.com\/\">https:\/\/tantricmassagesfuengirola.com\/<\/a><\/p><p><strong>V. DERECHOS DE LOS USUARIOS<\/strong><\/p><p><strong><em>\u00bfQu\u00e9 derechos tiene el interesado?<\/em><\/strong><\/p><p>Puede enviarnos un correo a la direcci\u00f3n info@tantricmassagesfuengirola.com para ejercer los siguientes derechos:<\/p><ul><li>Revocar los consentimientos otorgados.<\/li><li>Obtener confirmaci\u00f3n acerca de si en la web tantricmassagesfuengirola.com se est\u00e1n tratando datos personales que le conciernen o no.<\/li><li>Acceder a sus datos personales.<\/li><li>Rectificar los datos inexactos o incompletos.<\/li><li>Solicitar la supresi\u00f3n de sus datos cuando, entre otros motivos, los datos ya no sean necesarios para los fines que fueron recogidos.<\/li><li>Obtener de la web tantricmassagesfuengirola.com la limitaci\u00f3n del tratamiento de los datos cuando se cumpla alguna de las condiciones previstas en la normativa de protecci\u00f3n de datos.<\/li><li>En determinadas circunstancias y por motivos relacionados con su situaci\u00f3n particular al tratamiento de sus datos, los interesados podr\u00e1n oponerse al tratamiento de sus datos.<\/li><li>Solicitar la portabilidad de sus datos.<\/li><li>Reclamar ante la Agencia Espa\u00f1ola de Protecci\u00f3n de Datos, cuando el interesado considere que la web tantricmassagesfuengirola.com ha vulnerado los derechos que le son reconocidos por la normativa aplicable en protecci\u00f3n de datos.<\/li><\/ul><p><em>\u00daltima actualizaci\u00f3n de la pol\u00edtica de privacidad: 9 de marzo de 2025.<br \/><\/em><\/p>\t\t\t\t\t\t\t\t<\/div>\n\t\t\t\t<\/div>\n\t\t\t\t\t<\/div>\n\t\t\t\t<\/div>\n\t\t\t\t<\/div>\n\t\t","protected":false},"excerpt":{"rendered":"<p>I. RESPONSABLE DEL TRATAMIENTO \u00bfQui\u00e9n es el responsable de sus datos? Titular: Tantric Massages Fuengirola Domicilio social: Av. Ram\u00f3n y Cajal, 32, 29640 Fuengirola, M\u00e1laga. Tel\u00e9fono: 602 50 86 49 E-mail: info@tantricmassagesfuengirola.com II. FINALIDAD DEL TRATAMIENTO DE LOS DATOS Y CATEGOR\u00cdAS DE DATOS TRATADOS \u00bfCon qu\u00e9 finalidad recabamos y tratamos sus datos personales? La web [&hellip;]<\/p>\n","protected":false},"author":1,"featured_media":0,"parent":0,"menu_order":0,"comment_status":"closed","ping_status":"closed","template":"elementor_header_footer","meta":{"_acf_changed":false,"_trash_the_other_posts":false,"editor_notices":[],"footnotes":""},"class_list":["post-1487","page","type-page","status-publish","hentry"],"acf":[],"yoast_head":"<!-- This site is optimized with the Yoast SEO Premium plugin v27.2 (Yoast SEO v27.2) - https:\/\/yoast.com\/product\/yoast-seo-premium-wordpress\/ -->\n<title>Pol\u00edtica de privacidad - Masajes Er\u00f3ticos Fuengirola \ud83d\udd25 Tantric Massages Fuengirola \ud83d\udd25<\/title>\n<meta name=\"robots\" content=\"noindex, follow\" \/>\n<meta property=\"og:locale\" content=\"es_ES\" \/>\n<meta property=\"og:type\" content=\"article\" \/>\n<meta property=\"og:title\" content=\"Pol\u00edtica de privacidad\" \/>\n<meta property=\"og:description\" content=\"I. RESPONSABLE DEL TRATAMIENTO \u00bfQui\u00e9n es el responsable de sus datos? Titular: Tantric Massages Fuengirola Domicilio social: Av. Ram\u00f3n y Cajal, 32, 29640 Fuengirola, M\u00e1laga. Tel\u00e9fono: 602 50 86 49 E-mail: info@tantricmassagesfuengirola.com II. FINALIDAD DEL TRATAMIENTO DE LOS DATOS Y CATEGOR\u00cdAS DE DATOS TRATADOS \u00bfCon qu\u00e9 finalidad recabamos y tratamos sus datos personales? La web [&hellip;]\" \/>\n<meta property=\"og:url\" content=\"https:\/\/tantricmassagesfuengirola.com\/es\/politica-de-privacidad\/\" \/>\n<meta property=\"og:site_name\" content=\"Masajes Er\u00f3ticos Fuengirola \ud83d\udd25 Tantric Massages Fuengirola \ud83d\udd25\" \/>\n<meta property=\"article:modified_time\" content=\"2025-03-18T17:04:32+00:00\" \/>\n<meta name=\"twitter:card\" content=\"summary_large_image\" \/>\n<meta name=\"twitter:label1\" content=\"Tiempo de lectura\" \/>\n\t<meta name=\"twitter:data1\" content=\"5 minutos\" \/>\n<!-- \/ Yoast SEO Premium plugin. -->","yoast_head_json":{"title":"Pol\u00edtica de privacidad - Masajes Er\u00f3ticos Fuengirola \ud83d\udd25 Tantric Massages Fuengirola \ud83d\udd25","robots":{"index":"noindex","follow":"follow"},"og_locale":"es_ES","og_type":"article","og_title":"Pol\u00edtica de privacidad","og_description":"I. RESPONSABLE DEL TRATAMIENTO \u00bfQui\u00e9n es el responsable de sus datos? Titular: Tantric Massages Fuengirola Domicilio social: Av. Ram\u00f3n y Cajal, 32, 29640 Fuengirola, M\u00e1laga. Tel\u00e9fono: 602 50 86 49 E-mail: info@tantricmassagesfuengirola.com II. FINALIDAD DEL TRATAMIENTO DE LOS DATOS Y CATEGOR\u00cdAS DE DATOS TRATADOS \u00bfCon qu\u00e9 finalidad recabamos y tratamos sus datos personales? La web [&hellip;]","og_url":"https:\/\/tantricmassagesfuengirola.com\/es\/politica-de-privacidad\/","og_site_name":"Masajes Er\u00f3ticos Fuengirola \ud83d\udd25 Tantric Massages Fuengirola \ud83d\udd25","article_modified_time":"2025-03-18T17:04:32+00:00","twitter_card":"summary_large_image","twitter_misc":{"Tiempo de lectura":"5 minutos"},"schema":{"@context":"https:\/\/schema.org","@graph":[{"@type":"WebPage","@id":"https:\/\/tantricmassagesfuengirola.com\/es\/politica-de-privacidad\/","url":"https:\/\/tantricmassagesfuengirola.com\/es\/politica-de-privacidad\/","name":"Pol\u00edtica de privacidad - Masajes Er\u00f3ticos Fuengirola \ud83d\udd25 Tantric Massages Fuengirola \ud83d\udd25","isPartOf":{"@id":"https:\/\/tantricmassagesfuengirola.com\/es\/#website"},"datePublished":"2025-03-09T08:16:57+00:00","dateModified":"2025-03-18T17:04:32+00:00","breadcrumb":{"@id":"https:\/\/tantricmassagesfuengirola.com\/es\/politica-de-privacidad\/#breadcrumb"},"inLanguage":"es","potentialAction":[{"@type":"ReadAction","target":["https:\/\/tantricmassagesfuengirola.com\/es\/politica-de-privacidad\/"]}]},{"@type":"BreadcrumbList","@id":"https:\/\/tantricmassagesfuengirola.com\/es\/politica-de-privacidad\/#breadcrumb","itemListElement":[{"@type":"ListItem","position":1,"name":"Portada","item":"https:\/\/tantricmassagesfuengirola.com\/es\/"},{"@type":"ListItem","position":2,"name":"Pol\u00edtica de privacidad"}]},{"@type":"WebSite","@id":"https:\/\/tantricmassagesfuengirola.com\/es\/#website","url":"https:\/\/tantricmassagesfuengirola.com\/es\/","name":"Masajes Er\u00f3ticos Fuengirola \ud83d\udd25 Tantric Massages Fuengirola \ud83d\udd25","description":"Los Mejores Masajes Er\u00f3ticos con \u2764\ufe0f Final Feliz \u2764\ufe0f en Tantric Massages Fuengirola. Encuentra el Placer con Nosotras. \u260e\ufe0f 602 50 86 49","publisher":{"@id":"https:\/\/tantricmassagesfuengirola.com\/es\/#organization"},"potentialAction":[{"@type":"SearchAction","target":{"@type":"EntryPoint","urlTemplate":"https:\/\/tantricmassagesfuengirola.com\/es\/?s={search_term_string}"},"query-input":{"@type":"PropertyValueSpecification","valueRequired":true,"valueName":"search_term_string"}}],"inLanguage":"es"},{"@type":"Organization","@id":"https:\/\/tantricmassagesfuengirola.com\/es\/#organization","name":"Masajes Er\u00f3ticos Fuengirola \ud83d\udd25 Tantric Massages Fuengirola \ud83d\udd25","url":"https:\/\/tantricmassagesfuengirola.com\/es\/","logo":{"@type":"ImageObject","inLanguage":"es","@id":"https:\/\/tantricmassagesfuengirola.com\/es\/#\/schema\/logo\/image\/","url":"https:\/\/tantricmassagesfuengirola.com\/es\/wp-content\/uploads\/sites\/2\/2025\/02\/tantric-massages-fuengirola-logo.png","contentUrl":"https:\/\/tantricmassagesfuengirola.com\/es\/wp-content\/uploads\/sites\/2\/2025\/02\/tantric-massages-fuengirola-logo.png","width":602,"height":400,"caption":"Masajes Er\u00f3ticos Fuengirola \ud83d\udd25 Tantric Massages Fuengirola \ud83d\udd25"},"image":{"@id":"https:\/\/tantricmassagesfuengirola.com\/es\/#\/schema\/logo\/image\/"}}]}},"_links":{"self":[{"href":"https:\/\/tantricmassagesfuengirola.com\/es\/wp-json\/wp\/v2\/pages\/1487","targetHints":{"allow":["GET"]}}],"collection":[{"href":"https:\/\/tantricmassagesfuengirola.com\/es\/wp-json\/wp\/v2\/pages"}],"about":[{"href":"https:\/\/tantricmassagesfuengirola.com\/es\/wp-json\/wp\/v2\/types\/page"}],"author":[{"embeddable":true,"href":"https:\/\/tantricmassagesfuengirola.com\/es\/wp-json\/wp\/v2\/users\/1"}],"replies":[{"embeddable":true,"href":"https:\/\/tantricmassagesfuengirola.com\/es\/wp-json\/wp\/v2\/comments?post=1487"}],"version-history":[{"count":21,"href":"https:\/\/tantricmassagesfuengirola.com\/es\/wp-json\/wp\/v2\/pages\/1487\/revisions"}],"predecessor-version":[{"id":1678,"href":"https:\/\/tantricmassagesfuengirola.com\/es\/wp-json\/wp\/v2\/pages\/1487\/revisions\/1678"}],"wp:attachment":[{"href":"https:\/\/tantricmassagesfuengirola.com\/es\/wp-json\/wp\/v2\/media?parent=1487"}],"curies":[{"name":"wp","href":"https:\/\/api.w.org\/{rel}","templated":true}]}}