{"id":1489,"date":"2025-03-09T09:17:08","date_gmt":"2025-03-09T08:17:08","guid":{"rendered":"https:\/\/tantricmassagesfuengirola.com\/?page_id=1489"},"modified":"2025-03-18T18:04:38","modified_gmt":"2025-03-18T17:04:38","slug":"politica-de-cookies","status":"publish","type":"page","link":"https:\/\/tantricmassagesfuengirola.com\/es\/politica-de-cookies\/","title":{"rendered":"Pol\u00edtica de cookies"},"content":{"rendered":"\t\t<div data-elementor-type=\"wp-page\" data-elementor-id=\"1489\" class=\"elementor elementor-1489\" data-elementor-post-type=\"page\">\n\t\t\t\t<div class=\"elementor-element elementor-element-78d164e e-flex e-con-boxed e-con e-parent\" data-id=\"78d164e\" data-element_type=\"container\">\n\t\t\t\t\t<div class=\"e-con-inner\">\n\t\t\t\t<div class=\"elementor-element elementor-element-09f12c3 elementor-widget elementor-widget-heading\" data-id=\"09f12c3\" data-element_type=\"widget\" data-widget_type=\"heading.default\">\n\t\t\t\t<div class=\"elementor-widget-container\">\n\t\t\t\t\t<h1 class=\"elementor-heading-title elementor-size-default\">Pol\u00edtica de cookies<\/h1>\t\t\t\t<\/div>\n\t\t\t\t<\/div>\n\t\t\t\t<div class=\"elementor-element elementor-element-546f146 elementor-widget elementor-widget-text-editor\" data-id=\"546f146\" data-element_type=\"widget\" data-widget_type=\"text-editor.default\">\n\t\t\t\t<div class=\"elementor-widget-container\">\n\t\t\t\t\t\t\t\t\t<p>Esta web se utilizan cookies propias y de terceros,para fines anal\u00edticos y para mostrarte publicidad personalizada o a partir de tus h\u00e1bitos de navegaci\u00f3n.<\/p><p>Como usuario, la manera m\u00e1s sencilla de evitar la descarga de cookies es <strong>bloqueando estas cookies <\/strong>mediante la configuraci\u00f3n apropiada de tu navegador, de esta manera evitar\u00e1s que las cookies se almacenen en tu disco duro.<\/p><p>Por eso es importante que leas la presente pol\u00edtica de cookies y comprendas que, si contin\u00faas navegando, consideramos que aceptas su uso.<\/p><p>Esta pol\u00edtica y la forma en que se gestionan las cookies en esta web, cumple con obligaciones previstas en el apartado segundo del art\u00edculo 22 de la Ley 34\/2002, de 11 de julio, de servicios de la sociedad de la informaci\u00f3n y de comercio electr\u00f3nico (LSSI), el Reglamento (UE) 2016\/679 del Parlamento Europeo y del Consejo, de 27 de abril de 2016, General de Protecci\u00f3n de Datos (RGPD) y la Ley Org\u00e1nica 3\/2018, de 5 de diciembre, de Protecci\u00f3n de Datos y garant\u00eda de los derechos digitales (LOPDGDD)<\/p><h2>\u00bfQu\u00e9 son las cookies?<\/h2><p>Las cookies son ficheros que se descargan en tu ordenador cuando accedes a esta p\u00e1gina web y que van a hacer posible, entre otras cosas, el almacenamiento y recuperaci\u00f3n de informaci\u00f3n sobre tus h\u00e1bitos de navegaci\u00f3n o de tu equipo y que tengas una mejor experiencia de navegaci\u00f3n. Esta web utiliza cookies propias y de terceros.<\/p><p>\u2013 Desactivaci\u00f3n\/activaci\u00f3n o eliminaci\u00f3n de cookies:<\/p><p>tantricmassagesfuengirola.com pone a disposici\u00f3n de los usuarios que quieran impedir la instalaci\u00f3n de las mencionadas cookies, enlaces a las instrucciones facilitadas al efecto por navegadores cuyo uso considera m\u00e1s extendido:<\/p><p><a href=\"http:\/\/support.google.com\/chrome\/bin\/answer.py?hl=es-419&amp;answer=95647\">Google Chrome<\/a> \u2013 <a href=\"http:\/\/windows.microsoft.com\/es-xl\/internet-explorer\/delete-manage-cookies#ie=ie-10\">Internet Explorer<\/a> \u2013 <a href=\"http:\/\/support.mozilla.org\/es\/kb\/habilitar-y-deshabilitar-cookies-que-los-sitios-we\">Mozilla Firefox<\/a> \u2013 <a href=\"http:\/\/support.apple.com\/kb\/HT1677?viewlocale=es_ES%20%97%20http:\/\/support.apple.com\/kb\/ph5042\">Apple Safari<\/a><\/p><p>Puedes consultar el reglamento sobre cookies publicado por la Agencia Espa\u00f1ola de Protecci\u00f3n de Datos en su <a href=\"https:\/\/www.aepd.es\/sites\/default\/files\/2019-12\/guia-cookies_1.pdf\" target=\"_blank\" rel=\"nofollow noopener noreferrer\">\u201cGu\u00eda sobre el uso de las cookies\u201d<\/a> y obtener m\u00e1s informaci\u00f3n sobre las cookies en Internet, <a href=\"http:\/\/www.aboutcookies.org\/\" target=\"_blank\" rel=\"nofollow noopener noreferrer\">http:\/\/www.aboutcookies.org\/<\/a><\/p><h3>Advertencia importante sobre las cookies<\/h3><p>Teniendo en cuenta la forma en la que funciona Internet y los sitios web, no siempre contamos con informaci\u00f3n de las cookies que terceras partes puedan utilizar a trav\u00e9s de nuestro sitio web.<\/p><p>Esto se aplica especialmente a casos en los que nuestra p\u00e1gina web contiene elementos integrados: es decir, textos, documentos, im\u00e1genes o breves pel\u00edculas que se almacenan en otra parte, pero se muestran en nuestro sitio web o a trav\u00e9s del mismo.<\/p><h3>\u00bfQu\u00e9 cookies utiliza esta web?<\/h3><h4><strong>Cookies de terceros:<\/strong><\/h4><p><strong>\u2022 De an\u00e1lisis<\/strong>: son aquellas que, tratadas por mi o por terceros, me permiten cuantificar el n\u00famero de usuarios y as\u00ed realizar la medici\u00f3n y an\u00e1lisis estad\u00edstico de la utilizaci\u00f3n que hacen los usuarios de mi web y de los servicios ofertados. Para ello se analiza tu navegaci\u00f3n en mi p\u00e1gina web con el fin de mejorar la oferta de productos o servicios que ofrezco.<\/p><p>Concretamente, utilizo Google Analytics para ayudar al website a analizar el uso que hacen los Usuarios del sitio web y mejorar la usabilidad del mismo, pero <strong>en ning\u00fan caso se asocian a <\/strong>datos que pudieran llegar a identificar al usuario.<\/p><p>Google Analytics, es un servicio anal\u00edtico de web prestado por Google, Inc., una compa\u00f1\u00eda de Delaware cuya oficina principal est\u00e1 en 1600 Amphitheatre Parkway, Mountain View (California), CA 94043, Estados Unidos (\u201cGoogle\u201d). El usuario puede consultar <a href=\"https:\/\/www.google.es\/intl\/es\/policies\/technologies\/types\/\" target=\"_blank\" rel=\"nofollow noopener noreferrer\">aqu\u00ed<\/a> el tipo de cookies utilizadas por Google.<\/p><p><strong>\u2022 Publicitarias comportamentales<\/strong>: son aquellas que, tratadas por mi como responsable de esta web o por terceros, permiten analizar tus h\u00e1bitos de navegaci\u00f3n en Internet para poder mostrarle publicidad relacionada con tu perfil de navegaci\u00f3n.<\/p><p>Las cookies de marketing se utilizan para rastrear a los visitantes en esta web. La intenci\u00f3n es mostrar anuncios relevantes y atractivos para el usuario individual, y, por lo tanto, m\u00e1s valiosos para los editores y terceros anunciantes.<\/p><p>Esta actividad se realiza rastreando los Datos de Uso y utilizando Cookies, informaci\u00f3n que es transferida a los partners que gestionan el remarketing y la actividad de remarketing.<\/p><p>Adem\u00e1s de cualquier opci\u00f3n de \u201copt out\u201d ofrecida por cualquiera de los servicios que se indican a continuaci\u00f3n, el Usuario tambi\u00e9n puede optar por la exclusi\u00f3n del uso de cookies por servicios de terceros accediendo a la p\u00e1gina de exclusi\u00f3n de Network Advertising Initiative.<\/p><p>Entre las cookies publicitarias utilizadas en esta web est\u00e1n:<\/p><p><u>Remarketing Google AdWords:<\/u> Utilizo remarketing de Google AdWords que utiliza las cookies para ayudarme a ofrecer anuncios en l\u00ednea espec\u00edficos basados en visitas anteriores a mi sitio web. Google utiliza esta informaci\u00f3n para mostrar anuncios en varios sitios web de terceros a trav\u00e9s de Internet. Estas cookies est\u00e1n a punto de expirar y no contienen informaci\u00f3n que pueda identificarle personalmente. Por favor dir\u00edgete <a href=\"https:\/\/support.google.com\/google-ads\/answer\/2549116?hl=es&amp;ref_topic=3123080\" target=\"_blank\" rel=\"nofollow noopener noreferrer\">a la publicidad de Google Aviso de privacidad para obtener m\u00e1s informaci\u00f3n.<\/a><\/p><p><u>Facebook Ads Remarketing (Facebook, Inc.)<\/u><\/p><p>Facebook Remarketing es un servicio de remarketing prestado por Facebook, Inc. que conecta la actividad de esta Aplicaci\u00f3n con la red de publicidad de Facebook.<\/p><h4><strong>Cookies de redes sociales<\/strong><\/h4><p>Las Cookies de redes sociales pueden almacenarse en su navegador mientras navega por tantricmassagesfuengirola.com por ejemplo, cuando utiliza el bot\u00f3n de compartir contenidos de tantricmassagesfuengirola.com en alguna red social.<\/p><p>Las empresas que generan estas cookies correspondientes a las redes sociales que utiliza esta web tienen sus propias pol\u00edticas de cookies.<\/p><ul><li>Cookie de Twitter, seg\u00fan lo dispuesto en su <a href=\"https:\/\/twitter.com\/privacy\" target=\"_blank\" rel=\"nofollow noopener noreferrer\">Pol\u00edtica de privacidad y uso de cookies<\/a>.<\/li><li>Cookie de Whatsapp, seg\u00fan lo dispuesto en su <a href=\"https:\/\/www.whatsapp.com\/legal\/?lang=es#privacy-policy\" target=\"_blank\" rel=\"noopener noreferrer\">Pol\u00edtica de privacidad<\/a> y <a href=\"https:\/\/www.whatsapp.com\/legal\/?lang=es#cookies\" target=\"_blank\" rel=\"noopener noreferrer\">uso de cookies<\/a>.<\/li><li>Cookie de Telegram, seg\u00fan lo dispuesto en su <a href=\"https:\/\/telegram.org\/privacy\" target=\"_blank\" rel=\"noopener noreferrer\">Pol\u00edtica de privacidad y uso de cookies<\/a>.<\/li><li>Cookie de Linkedin, seg\u00fan lo dispuesto en su <a href=\"https:\/\/www.linkedin.com\/legal\/cookie-policy?trk=hp-cookies\" target=\"_blank\" rel=\"nofollow noopener noreferrer\">Pol\u00edtica de cookies<\/a><\/li><li>Cookie de Facebook, seg\u00fan lo dispuesto en su <a href=\"https:\/\/www.facebook.com\/help\/cookies?ref_type=sitefooter\" target=\"_blank\" rel=\"nofollow noopener noreferrer\">Pol\u00edtica de Cookies<\/a><\/li><li>Cookie de Google Maps, seg\u00fan lo dispuesto en su p\u00e1gina sobre qu\u00e9 <a href=\"http:\/\/www.google.com\/intl\/es\/policies\/technologies\/types\/\" target=\"_blank\" rel=\"nofollow noopener noreferrer\">tipo de cookies utilizan<\/a><\/li><\/ul><p>En cumplimiento de lo establecido en el art\u00edculo 22.2 de la LSSI se detallan las cookies que pueden instalarse habitualmente durante la navegaci\u00f3n por este sitio web:<\/p><p>Si desea tener un mayor control sobre la instalaci\u00f3n de cookies, puede instalar programas o complementos a su navegador, conocidos como herramientas de \u201cDo Not Track\u201d, que le permitir\u00e1n escoger aquellas cookies que desea permitir.<\/p>\t\t\t\t\t\t\t\t<\/div>\n\t\t\t\t<\/div>\n\t\t\t\t\t<\/div>\n\t\t\t\t<\/div>\n\t\t\t\t<\/div>\n\t\t","protected":false},"excerpt":{"rendered":"<p>Esta web se utilizan cookies propias y de terceros,para fines anal\u00edticos y para mostrarte publicidad personalizada o a partir de tus h\u00e1bitos de navegaci\u00f3n. Como usuario, la manera m\u00e1s sencilla de evitar la descarga de cookies es bloqueando estas cookies mediante la configuraci\u00f3n apropiada de tu navegador, de esta manera evitar\u00e1s que las cookies se [&hellip;]<\/p>\n","protected":false},"author":1,"featured_media":0,"parent":0,"menu_order":0,"comment_status":"closed","ping_status":"closed","template":"elementor_header_footer","meta":{"_acf_changed":false,"_trash_the_other_posts":false,"editor_notices":[],"footnotes":""},"class_list":["post-1489","page","type-page","status-publish","hentry"],"acf":[],"yoast_head":"<!-- This site is optimized with the Yoast SEO Premium plugin v27.2 (Yoast SEO v27.2) - https:\/\/yoast.com\/product\/yoast-seo-premium-wordpress\/ -->\n<title>Pol\u00edtica de cookies - Masajes Er\u00f3ticos Fuengirola \ud83d\udd25 Tantric Massages Fuengirola \ud83d\udd25<\/title>\n<meta name=\"robots\" content=\"noindex, follow\" \/>\n<meta property=\"og:locale\" content=\"es_ES\" \/>\n<meta property=\"og:type\" content=\"article\" \/>\n<meta property=\"og:title\" content=\"Pol\u00edtica de cookies\" \/>\n<meta property=\"og:description\" content=\"Esta web se utilizan cookies propias y de terceros,para fines anal\u00edticos y para mostrarte publicidad personalizada o a partir de tus h\u00e1bitos de navegaci\u00f3n. Como usuario, la manera m\u00e1s sencilla de evitar la descarga de cookies es bloqueando estas cookies mediante la configuraci\u00f3n apropiada de tu navegador, de esta manera evitar\u00e1s que las cookies se [&hellip;]\" \/>\n<meta property=\"og:url\" content=\"https:\/\/tantricmassagesfuengirola.com\/es\/politica-de-cookies\/\" \/>\n<meta property=\"og:site_name\" content=\"Masajes Er\u00f3ticos Fuengirola \ud83d\udd25 Tantric Massages Fuengirola \ud83d\udd25\" \/>\n<meta property=\"article:modified_time\" content=\"2025-03-18T17:04:38+00:00\" \/>\n<meta name=\"twitter:card\" content=\"summary_large_image\" \/>\n<meta name=\"twitter:label1\" content=\"Tiempo de lectura\" \/>\n\t<meta name=\"twitter:data1\" content=\"5 minutos\" \/>\n<!-- \/ Yoast SEO Premium plugin. -->","yoast_head_json":{"title":"Pol\u00edtica de cookies - Masajes Er\u00f3ticos Fuengirola \ud83d\udd25 Tantric Massages Fuengirola \ud83d\udd25","robots":{"index":"noindex","follow":"follow"},"og_locale":"es_ES","og_type":"article","og_title":"Pol\u00edtica de cookies","og_description":"Esta web se utilizan cookies propias y de terceros,para fines anal\u00edticos y para mostrarte publicidad personalizada o a partir de tus h\u00e1bitos de navegaci\u00f3n. Como usuario, la manera m\u00e1s sencilla de evitar la descarga de cookies es bloqueando estas cookies mediante la configuraci\u00f3n apropiada de tu navegador, de esta manera evitar\u00e1s que las cookies se [&hellip;]","og_url":"https:\/\/tantricmassagesfuengirola.com\/es\/politica-de-cookies\/","og_site_name":"Masajes Er\u00f3ticos Fuengirola \ud83d\udd25 Tantric Massages Fuengirola \ud83d\udd25","article_modified_time":"2025-03-18T17:04:38+00:00","twitter_card":"summary_large_image","twitter_misc":{"Tiempo de lectura":"5 minutos"},"schema":{"@context":"https:\/\/schema.org","@graph":[{"@type":"WebPage","@id":"https:\/\/tantricmassagesfuengirola.com\/es\/politica-de-cookies\/","url":"https:\/\/tantricmassagesfuengirola.com\/es\/politica-de-cookies\/","name":"Pol\u00edtica de cookies - Masajes Er\u00f3ticos Fuengirola \ud83d\udd25 Tantric Massages Fuengirola \ud83d\udd25","isPartOf":{"@id":"https:\/\/tantricmassagesfuengirola.com\/es\/#website"},"datePublished":"2025-03-09T08:17:08+00:00","dateModified":"2025-03-18T17:04:38+00:00","breadcrumb":{"@id":"https:\/\/tantricmassagesfuengirola.com\/es\/politica-de-cookies\/#breadcrumb"},"inLanguage":"es","potentialAction":[{"@type":"ReadAction","target":["https:\/\/tantricmassagesfuengirola.com\/es\/politica-de-cookies\/"]}]},{"@type":"BreadcrumbList","@id":"https:\/\/tantricmassagesfuengirola.com\/es\/politica-de-cookies\/#breadcrumb","itemListElement":[{"@type":"ListItem","position":1,"name":"Portada","item":"https:\/\/tantricmassagesfuengirola.com\/es\/"},{"@type":"ListItem","position":2,"name":"Pol\u00edtica de cookies"}]},{"@type":"WebSite","@id":"https:\/\/tantricmassagesfuengirola.com\/es\/#website","url":"https:\/\/tantricmassagesfuengirola.com\/es\/","name":"Masajes Er\u00f3ticos Fuengirola \ud83d\udd25 Tantric Massages Fuengirola \ud83d\udd25","description":"Los Mejores Masajes Er\u00f3ticos con \u2764\ufe0f Final Feliz \u2764\ufe0f en Tantric Massages Fuengirola. Encuentra el Placer con Nosotras. \u260e\ufe0f 602 50 86 49","publisher":{"@id":"https:\/\/tantricmassagesfuengirola.com\/es\/#organization"},"potentialAction":[{"@type":"SearchAction","target":{"@type":"EntryPoint","urlTemplate":"https:\/\/tantricmassagesfuengirola.com\/es\/?s={search_term_string}"},"query-input":{"@type":"PropertyValueSpecification","valueRequired":true,"valueName":"search_term_string"}}],"inLanguage":"es"},{"@type":"Organization","@id":"https:\/\/tantricmassagesfuengirola.com\/es\/#organization","name":"Masajes Er\u00f3ticos Fuengirola \ud83d\udd25 Tantric Massages Fuengirola \ud83d\udd25","url":"https:\/\/tantricmassagesfuengirola.com\/es\/","logo":{"@type":"ImageObject","inLanguage":"es","@id":"https:\/\/tantricmassagesfuengirola.com\/es\/#\/schema\/logo\/image\/","url":"https:\/\/tantricmassagesfuengirola.com\/es\/wp-content\/uploads\/sites\/2\/2025\/02\/tantric-massages-fuengirola-logo.png","contentUrl":"https:\/\/tantricmassagesfuengirola.com\/es\/wp-content\/uploads\/sites\/2\/2025\/02\/tantric-massages-fuengirola-logo.png","width":602,"height":400,"caption":"Masajes Er\u00f3ticos Fuengirola \ud83d\udd25 Tantric Massages Fuengirola \ud83d\udd25"},"image":{"@id":"https:\/\/tantricmassagesfuengirola.com\/es\/#\/schema\/logo\/image\/"}}]}},"_links":{"self":[{"href":"https:\/\/tantricmassagesfuengirola.com\/es\/wp-json\/wp\/v2\/pages\/1489","targetHints":{"allow":["GET"]}}],"collection":[{"href":"https:\/\/tantricmassagesfuengirola.com\/es\/wp-json\/wp\/v2\/pages"}],"about":[{"href":"https:\/\/tantricmassagesfuengirola.com\/es\/wp-json\/wp\/v2\/types\/page"}],"author":[{"embeddable":true,"href":"https:\/\/tantricmassagesfuengirola.com\/es\/wp-json\/wp\/v2\/users\/1"}],"replies":[{"embeddable":true,"href":"https:\/\/tantricmassagesfuengirola.com\/es\/wp-json\/wp\/v2\/comments?post=1489"}],"version-history":[{"count":10,"href":"https:\/\/tantricmassagesfuengirola.com\/es\/wp-json\/wp\/v2\/pages\/1489\/revisions"}],"predecessor-version":[{"id":1679,"href":"https:\/\/tantricmassagesfuengirola.com\/es\/wp-json\/wp\/v2\/pages\/1489\/revisions\/1679"}],"wp:attachment":[{"href":"https:\/\/tantricmassagesfuengirola.com\/es\/wp-json\/wp\/v2\/media?parent=1489"}],"curies":[{"name":"wp","href":"https:\/\/api.w.org\/{rel}","templated":true}]}}