{"id":1992,"date":"2025-07-29T07:32:27","date_gmt":"2025-07-29T05:32:27","guid":{"rendered":"https:\/\/tantricmassagesfuengirola.com\/es\/?page_id=1992"},"modified":"2026-01-20T11:50:27","modified_gmt":"2026-01-20T10:50:27","slug":"masaje-a-domicilio","status":"publish","type":"page","link":"https:\/\/tantricmassagesfuengirola.com\/es\/masaje-a-domicilio\/","title":{"rendered":"Masaje a domicilio"},"content":{"rendered":"\t\t<div data-elementor-type=\"wp-page\" data-elementor-id=\"1992\" class=\"elementor elementor-1992\" data-elementor-post-type=\"page\">\n\t\t\t\t<div class=\"elementor-element elementor-element-704d102 e-flex e-con-boxed e-con e-parent\" data-id=\"704d102\" data-element_type=\"container\">\n\t\t\t\t\t<div class=\"e-con-inner\">\n\t\t\t\t<div class=\"elementor-element elementor-element-99bad60 elementor-widget elementor-widget-heading\" data-id=\"99bad60\" data-element_type=\"widget\" data-widget_type=\"heading.default\">\n\t\t\t\t<div class=\"elementor-widget-container\">\n\t\t\t\t\t<h1 class=\"elementor-heading-title elementor-size-default\">Masaje a domicilio<\/h1>\t\t\t\t<\/div>\n\t\t\t\t<\/div>\n\t\t\t\t<div class=\"elementor-element elementor-element-b2bfa4b elementor-widget-divider--view-line elementor-widget elementor-widget-divider\" data-id=\"b2bfa4b\" data-element_type=\"widget\" data-widget_type=\"divider.default\">\n\t\t\t\t<div class=\"elementor-widget-container\">\n\t\t\t\t\t\t\t<div class=\"elementor-divider\">\n\t\t\t<span class=\"elementor-divider-separator\">\n\t\t\t\t\t\t<\/span>\n\t\t<\/div>\n\t\t\t\t\t\t<\/div>\n\t\t\t\t<\/div>\n\t\t\t\t<div class=\"elementor-element elementor-element-8c10c14 elementor-widget elementor-widget-heading\" data-id=\"8c10c14\" data-element_type=\"widget\" data-widget_type=\"heading.default\">\n\t\t\t\t<div class=\"elementor-widget-container\">\n\t\t\t\t\t<h2 class=\"elementor-heading-title elementor-size-default\">Momentos sensuales, entregados en tu puerta<\/h2>\t\t\t\t<\/div>\n\t\t\t\t<\/div>\n\t\t\t\t<div class=\"elementor-element elementor-element-e4e631b elementor-widget elementor-widget-text-editor\" data-id=\"e4e631b\" data-element_type=\"widget\" data-widget_type=\"text-editor.default\">\n\t\t\t\t<div class=\"elementor-widget-container\">\n\t\t\t\t\t\t\t\t\t<p>Ya sea que te alojes en un hotel de lujo o est\u00e9s relaj\u00e1ndote en casa, nuestro servicio de masajes er\u00f3ticos lleva el placer directamente hasta ti. Deja que una de nuestras masajistas expertas convierta tu espacio privado en un santuario de relajaci\u00f3n y deseo \u2014 discreto, profesional e inolvidable.<\/p>\t\t\t\t\t\t\t\t<\/div>\n\t\t\t\t<\/div>\n\t\t<div class=\"elementor-element elementor-element-840d81d e-con-full e-flex e-con e-child\" data-id=\"840d81d\" data-element_type=\"container\">\n\t\t<div class=\"elementor-element elementor-element-7989703 e-con-full e-flex e-con e-child\" data-id=\"7989703\" data-element_type=\"container\">\n\t\t\t\t<div class=\"elementor-element elementor-element-32cd199 elementor-widget elementor-widget-image\" data-id=\"32cd199\" data-element_type=\"widget\" data-widget_type=\"image.default\">\n\t\t\t\t<div class=\"elementor-widget-container\">\n\t\t\t\t\t\t\t\t\t\t\t\t\t\t\t<img fetchpriority=\"high\" decoding=\"async\" width=\"800\" height=\"1280\" src=\"https:\/\/tantricmassagesfuengirola.com\/es\/wp-content\/uploads\/sites\/2\/2025\/06\/erotic-massages-near-me.jpg\" class=\"attachment-medium size-medium wp-image-1911\" alt=\"\" srcset=\"https:\/\/tantricmassagesfuengirola.com\/es\/wp-content\/uploads\/sites\/2\/2025\/06\/erotic-massages-near-me.jpg 800w, https:\/\/tantricmassagesfuengirola.com\/es\/wp-content\/uploads\/sites\/2\/2025\/06\/erotic-massages-near-me-513x820.jpg 513w, https:\/\/tantricmassagesfuengirola.com\/es\/wp-content\/uploads\/sites\/2\/2025\/06\/erotic-massages-near-me-450x720.jpg 450w\" sizes=\"(max-width: 800px) 100vw, 800px\" \/>\t\t\t\t\t\t\t\t\t\t\t\t\t\t\t<\/div>\n\t\t\t\t<\/div>\n\t\t\t\t<div class=\"elementor-element elementor-element-dace492 elementor-widget elementor-widget-heading\" data-id=\"dace492\" data-element_type=\"widget\" data-widget_type=\"heading.default\">\n\t\t\t\t<div class=\"elementor-widget-container\">\n\t\t\t\t\t<h3 class=\"elementor-heading-title elementor-size-default\">Alma<\/h3>\t\t\t\t<\/div>\n\t\t\t\t<\/div>\n\t\t\t\t<div class=\"elementor-element elementor-element-af961c8 elementor-widget elementor-widget-text-editor\" data-id=\"af961c8\" data-element_type=\"widget\" data-widget_type=\"text-editor.default\">\n\t\t\t\t<div class=\"elementor-widget-container\">\n\t\t\t\t\t\t\t\t\t<p>Explora sensaciones \u00fanicas. Su masaje, lleno de caricias suaves, se intensifica poco a poco hasta llevarte al placer m\u00e1s absoluto.<\/p>\t\t\t\t\t\t\t\t<\/div>\n\t\t\t\t<\/div>\n\t\t\t\t<div class=\"elementor-element elementor-element-c7fc5b6 elementor-align-justify elementor-widget elementor-widget-button\" data-id=\"c7fc5b6\" data-element_type=\"widget\" data-widget_type=\"button.default\">\n\t\t\t\t<div class=\"elementor-widget-container\">\n\t\t\t\t\t\t\t\t\t<div class=\"elementor-button-wrapper\">\n\t\t\t\t\t<a class=\"elementor-button elementor-button-link elementor-size-sm\" href=\"https:\/\/wa.me\/34621005203?text=Quiero%20reservar%20un%20masaje%20deluxe%20a%20domicilio%20con%20Alma\" target=\"_blank\">\n\t\t\t\t\t\t<span class=\"elementor-button-content-wrapper\">\n\t\t\t\t\t\t\t\t\t<span class=\"elementor-button-text\">60 minutos deluxe 250\u20ac + Taxi<\/span>\n\t\t\t\t\t<\/span>\n\t\t\t\t\t<\/a>\n\t\t\t\t<\/div>\n\t\t\t\t\t\t\t\t<\/div>\n\t\t\t\t<\/div>\n\t\t\t\t<div class=\"elementor-element elementor-element-d867cf6 elementor-align-justify elementor-widget elementor-widget-button\" data-id=\"d867cf6\" data-element_type=\"widget\" data-widget_type=\"button.default\">\n\t\t\t\t<div class=\"elementor-widget-container\">\n\t\t\t\t\t\t\t\t\t<div class=\"elementor-button-wrapper\">\n\t\t\t\t\t<a class=\"elementor-button elementor-button-link elementor-size-sm\" href=\"https:\/\/wa.me\/34621005203?text=Quiero%20reservar%20un%20masaje%20premium%20a%20domicilio%20con%20Alma\" target=\"_blank\">\n\t\t\t\t\t\t<span class=\"elementor-button-content-wrapper\">\n\t\t\t\t\t\t\t\t\t<span class=\"elementor-button-text\">60 minutos premium 350\u20ac + Taxi<\/span>\n\t\t\t\t\t<\/span>\n\t\t\t\t\t<\/a>\n\t\t\t\t<\/div>\n\t\t\t\t\t\t\t\t<\/div>\n\t\t\t\t<\/div>\n\t\t\t\t<\/div>\n\t\t<div class=\"elementor-element elementor-element-a637d57 e-con-full e-flex e-con e-child\" data-id=\"a637d57\" data-element_type=\"container\">\n\t\t\t\t<div class=\"elementor-element elementor-element-fa28e90 elementor-widget elementor-widget-image\" data-id=\"fa28e90\" data-element_type=\"widget\" data-widget_type=\"image.default\">\n\t\t\t\t<div class=\"elementor-widget-container\">\n\t\t\t\t\t\t\t\t\t\t\t\t\t\t\t<img decoding=\"async\" width=\"800\" height=\"1280\" src=\"https:\/\/tantricmassagesfuengirola.com\/es\/wp-content\/uploads\/sites\/2\/2025\/02\/masajista-erotico-fuengirola-masculino.jpg\" class=\"attachment-medium size-medium wp-image-505\" alt=\"masajista erotico fuengirola masculino\" srcset=\"https:\/\/tantricmassagesfuengirola.com\/es\/wp-content\/uploads\/sites\/2\/2025\/02\/masajista-erotico-fuengirola-masculino.jpg 800w, https:\/\/tantricmassagesfuengirola.com\/es\/wp-content\/uploads\/sites\/2\/2025\/02\/masajista-erotico-fuengirola-masculino-450x720.jpg 450w, https:\/\/tantricmassagesfuengirola.com\/es\/wp-content\/uploads\/sites\/2\/2025\/02\/masajista-erotico-fuengirola-masculino-513x820.jpg 513w\" sizes=\"(max-width: 800px) 100vw, 800px\" \/>\t\t\t\t\t\t\t\t\t\t\t\t\t\t\t<\/div>\n\t\t\t\t<\/div>\n\t\t\t\t<div class=\"elementor-element elementor-element-f77f1f5 elementor-widget elementor-widget-heading\" data-id=\"f77f1f5\" data-element_type=\"widget\" data-widget_type=\"heading.default\">\n\t\t\t\t<div class=\"elementor-widget-container\">\n\t\t\t\t\t<h3 class=\"elementor-heading-title elementor-size-default\">\u00c1ngel<\/h3>\t\t\t\t<\/div>\n\t\t\t\t<\/div>\n\t\t\t\t<div class=\"elementor-element elementor-element-1dd7602 elementor-widget elementor-widget-text-editor\" data-id=\"1dd7602\" data-element_type=\"widget\" data-widget_type=\"text-editor.default\">\n\t\t\t\t<div class=\"elementor-widget-container\">\n\t\t\t\t\t\t\t\t\tDisfruta de la exclusiva combinaci\u00f3n de masaje y baile er\u00f3tico con \u00c1ngel. Enciende tu pasi\u00f3n y d\u00e9jate llevar.\t\t\t\t\t\t\t\t<\/div>\n\t\t\t\t<\/div>\n\t\t\t\t<div class=\"elementor-element elementor-element-966072f elementor-align-justify elementor-widget elementor-widget-button\" data-id=\"966072f\" data-element_type=\"widget\" data-widget_type=\"button.default\">\n\t\t\t\t<div class=\"elementor-widget-container\">\n\t\t\t\t\t\t\t\t\t<div class=\"elementor-button-wrapper\">\n\t\t\t\t\t<a class=\"elementor-button elementor-button-link elementor-size-sm\" href=\"https:\/\/wa.me\/34621005203?text=Quiero%20reservar%20un%20masaje%20deluxe%20a%20domicilio%20con%20Angel\" target=\"_blank\">\n\t\t\t\t\t\t<span class=\"elementor-button-content-wrapper\">\n\t\t\t\t\t\t\t\t\t<span class=\"elementor-button-text\">60 minutos deluxe 250\u20ac + Taxi<\/span>\n\t\t\t\t\t<\/span>\n\t\t\t\t\t<\/a>\n\t\t\t\t<\/div>\n\t\t\t\t\t\t\t\t<\/div>\n\t\t\t\t<\/div>\n\t\t\t\t<div class=\"elementor-element elementor-element-f92fb8e elementor-align-justify elementor-widget elementor-widget-button\" data-id=\"f92fb8e\" data-element_type=\"widget\" data-widget_type=\"button.default\">\n\t\t\t\t<div class=\"elementor-widget-container\">\n\t\t\t\t\t\t\t\t\t<div class=\"elementor-button-wrapper\">\n\t\t\t\t\t<a class=\"elementor-button elementor-button-link elementor-size-sm\" href=\"https:\/\/wa.me\/34621005203?text=Quiero%20reservar%20un%20masaje%20premium%20a%20domicilio%20con%20Angel\" target=\"_blank\">\n\t\t\t\t\t\t<span class=\"elementor-button-content-wrapper\">\n\t\t\t\t\t\t\t\t\t<span class=\"elementor-button-text\">60 minutos premium 350\u20ac + Taxi<\/span>\n\t\t\t\t\t<\/span>\n\t\t\t\t\t<\/a>\n\t\t\t\t<\/div>\n\t\t\t\t\t\t\t\t<\/div>\n\t\t\t\t<\/div>\n\t\t\t\t<\/div>\n\t\t\t\t<\/div>\n\t\t\t\t\t<\/div>\n\t\t\t\t<\/div>\n\t\t\t\t<\/div>\n\t\t","protected":false},"excerpt":{"rendered":"<p>Momentos sensuales, entregados en tu puerta Ya sea que te alojes en un hotel de lujo o est\u00e9s relaj\u00e1ndote en casa, nuestro servicio de masajes er\u00f3ticos lleva el placer directamente hasta ti. Deja que una de nuestras masajistas expertas convierta tu espacio privado en un santuario de relajaci\u00f3n y deseo \u2014 discreto, profesional e inolvidable. [&hellip;]<\/p>\n","protected":false},"author":1,"featured_media":0,"parent":0,"menu_order":0,"comment_status":"closed","ping_status":"closed","template":"","meta":{"_acf_changed":false,"_trash_the_other_posts":false,"editor_notices":[],"footnotes":""},"class_list":["post-1992","page","type-page","status-publish","hentry"],"acf":[],"yoast_head":"<!-- This site is optimized with the Yoast SEO Premium plugin v27.2 (Yoast SEO v27.2) - https:\/\/yoast.com\/product\/yoast-seo-premium-wordpress\/ -->\n<title>Masaje a domicilio - Masajes Er\u00f3ticos Fuengirola \ud83d\udd25 Tantric Massages Fuengirola \ud83d\udd25<\/title>\n<meta name=\"robots\" content=\"noindex, follow\" \/>\n<meta property=\"og:locale\" content=\"es_ES\" \/>\n<meta property=\"og:type\" content=\"article\" \/>\n<meta property=\"og:title\" content=\"Masaje a domicilio\" \/>\n<meta property=\"og:description\" content=\"Momentos sensuales, entregados en tu puerta Ya sea que te alojes en un hotel de lujo o est\u00e9s relaj\u00e1ndote en casa, nuestro servicio de masajes er\u00f3ticos lleva el placer directamente hasta ti. Deja que una de nuestras masajistas expertas convierta tu espacio privado en un santuario de relajaci\u00f3n y deseo \u2014 discreto, profesional e inolvidable. [&hellip;]\" \/>\n<meta property=\"og:url\" content=\"https:\/\/tantricmassagesfuengirola.com\/es\/masaje-a-domicilio\/\" \/>\n<meta property=\"og:site_name\" content=\"Masajes Er\u00f3ticos Fuengirola \ud83d\udd25 Tantric Massages Fuengirola \ud83d\udd25\" \/>\n<meta property=\"article:modified_time\" content=\"2026-01-20T10:50:27+00:00\" \/>\n<meta property=\"og:image\" content=\"https:\/\/tantricmassagesfuengirola.com\/es\/wp-content\/uploads\/sites\/2\/2025\/06\/erotic-massages-near-me.jpg\" \/>\n\t<meta property=\"og:image:width\" content=\"800\" \/>\n\t<meta property=\"og:image:height\" content=\"1280\" \/>\n\t<meta property=\"og:image:type\" content=\"image\/jpeg\" \/>\n<meta name=\"twitter:card\" content=\"summary_large_image\" \/>\n<meta name=\"twitter:label1\" content=\"Tiempo de lectura\" \/>\n\t<meta name=\"twitter:data1\" content=\"1 minuto\" \/>\n<!-- \/ Yoast SEO Premium plugin. -->","yoast_head_json":{"title":"Masaje a domicilio - Masajes Er\u00f3ticos Fuengirola \ud83d\udd25 Tantric Massages Fuengirola \ud83d\udd25","robots":{"index":"noindex","follow":"follow"},"og_locale":"es_ES","og_type":"article","og_title":"Masaje a domicilio","og_description":"Momentos sensuales, entregados en tu puerta Ya sea que te alojes en un hotel de lujo o est\u00e9s relaj\u00e1ndote en casa, nuestro servicio de masajes er\u00f3ticos lleva el placer directamente hasta ti. Deja que una de nuestras masajistas expertas convierta tu espacio privado en un santuario de relajaci\u00f3n y deseo \u2014 discreto, profesional e inolvidable. [&hellip;]","og_url":"https:\/\/tantricmassagesfuengirola.com\/es\/masaje-a-domicilio\/","og_site_name":"Masajes Er\u00f3ticos Fuengirola \ud83d\udd25 Tantric Massages Fuengirola \ud83d\udd25","article_modified_time":"2026-01-20T10:50:27+00:00","og_image":[{"width":800,"height":1280,"url":"https:\/\/tantricmassagesfuengirola.com\/es\/wp-content\/uploads\/sites\/2\/2025\/06\/erotic-massages-near-me.jpg","type":"image\/jpeg"}],"twitter_card":"summary_large_image","twitter_misc":{"Tiempo de lectura":"1 minuto"},"schema":{"@context":"https:\/\/schema.org","@graph":[{"@type":"WebPage","@id":"https:\/\/tantricmassagesfuengirola.com\/es\/masaje-a-domicilio\/","url":"https:\/\/tantricmassagesfuengirola.com\/es\/masaje-a-domicilio\/","name":"Masaje a domicilio - Masajes Er\u00f3ticos Fuengirola \ud83d\udd25 Tantric Massages Fuengirola \ud83d\udd25","isPartOf":{"@id":"https:\/\/tantricmassagesfuengirola.com\/es\/#website"},"primaryImageOfPage":{"@id":"https:\/\/tantricmassagesfuengirola.com\/es\/masaje-a-domicilio\/#primaryimage"},"image":{"@id":"https:\/\/tantricmassagesfuengirola.com\/es\/masaje-a-domicilio\/#primaryimage"},"thumbnailUrl":"https:\/\/tantricmassagesfuengirola.com\/es\/wp-content\/uploads\/sites\/2\/2025\/06\/erotic-massages-near-me.jpg","datePublished":"2025-07-29T05:32:27+00:00","dateModified":"2026-01-20T10:50:27+00:00","breadcrumb":{"@id":"https:\/\/tantricmassagesfuengirola.com\/es\/masaje-a-domicilio\/#breadcrumb"},"inLanguage":"es","potentialAction":[{"@type":"ReadAction","target":["https:\/\/tantricmassagesfuengirola.com\/es\/masaje-a-domicilio\/"]}]},{"@type":"ImageObject","inLanguage":"es","@id":"https:\/\/tantricmassagesfuengirola.com\/es\/masaje-a-domicilio\/#primaryimage","url":"https:\/\/tantricmassagesfuengirola.com\/es\/wp-content\/uploads\/sites\/2\/2025\/06\/erotic-massages-near-me.jpg","contentUrl":"https:\/\/tantricmassagesfuengirola.com\/es\/wp-content\/uploads\/sites\/2\/2025\/06\/erotic-massages-near-me.jpg","width":800,"height":1280},{"@type":"BreadcrumbList","@id":"https:\/\/tantricmassagesfuengirola.com\/es\/masaje-a-domicilio\/#breadcrumb","itemListElement":[{"@type":"ListItem","position":1,"name":"Portada","item":"https:\/\/tantricmassagesfuengirola.com\/es\/"},{"@type":"ListItem","position":2,"name":"Masaje a domicilio"}]},{"@type":"WebSite","@id":"https:\/\/tantricmassagesfuengirola.com\/es\/#website","url":"https:\/\/tantricmassagesfuengirola.com\/es\/","name":"Masajes Er\u00f3ticos Fuengirola \ud83d\udd25 Tantric Massages Fuengirola \ud83d\udd25","description":"Los Mejores Masajes Er\u00f3ticos con \u2764\ufe0f Final Feliz \u2764\ufe0f en Tantric Massages Fuengirola. Encuentra el Placer con Nosotras. \u260e\ufe0f 602 50 86 49","publisher":{"@id":"https:\/\/tantricmassagesfuengirola.com\/es\/#organization"},"potentialAction":[{"@type":"SearchAction","target":{"@type":"EntryPoint","urlTemplate":"https:\/\/tantricmassagesfuengirola.com\/es\/?s={search_term_string}"},"query-input":{"@type":"PropertyValueSpecification","valueRequired":true,"valueName":"search_term_string"}}],"inLanguage":"es"},{"@type":"Organization","@id":"https:\/\/tantricmassagesfuengirola.com\/es\/#organization","name":"Masajes Er\u00f3ticos Fuengirola \ud83d\udd25 Tantric Massages Fuengirola \ud83d\udd25","url":"https:\/\/tantricmassagesfuengirola.com\/es\/","logo":{"@type":"ImageObject","inLanguage":"es","@id":"https:\/\/tantricmassagesfuengirola.com\/es\/#\/schema\/logo\/image\/","url":"https:\/\/tantricmassagesfuengirola.com\/es\/wp-content\/uploads\/sites\/2\/2025\/02\/tantric-massages-fuengirola-logo.png","contentUrl":"https:\/\/tantricmassagesfuengirola.com\/es\/wp-content\/uploads\/sites\/2\/2025\/02\/tantric-massages-fuengirola-logo.png","width":602,"height":400,"caption":"Masajes Er\u00f3ticos Fuengirola \ud83d\udd25 Tantric Massages Fuengirola \ud83d\udd25"},"image":{"@id":"https:\/\/tantricmassagesfuengirola.com\/es\/#\/schema\/logo\/image\/"}}]}},"_links":{"self":[{"href":"https:\/\/tantricmassagesfuengirola.com\/es\/wp-json\/wp\/v2\/pages\/1992","targetHints":{"allow":["GET"]}}],"collection":[{"href":"https:\/\/tantricmassagesfuengirola.com\/es\/wp-json\/wp\/v2\/pages"}],"about":[{"href":"https:\/\/tantricmassagesfuengirola.com\/es\/wp-json\/wp\/v2\/types\/page"}],"author":[{"embeddable":true,"href":"https:\/\/tantricmassagesfuengirola.com\/es\/wp-json\/wp\/v2\/users\/1"}],"replies":[{"embeddable":true,"href":"https:\/\/tantricmassagesfuengirola.com\/es\/wp-json\/wp\/v2\/comments?post=1992"}],"version-history":[{"count":35,"href":"https:\/\/tantricmassagesfuengirola.com\/es\/wp-json\/wp\/v2\/pages\/1992\/revisions"}],"predecessor-version":[{"id":2225,"href":"https:\/\/tantricmassagesfuengirola.com\/es\/wp-json\/wp\/v2\/pages\/1992\/revisions\/2225"}],"wp:attachment":[{"href":"https:\/\/tantricmassagesfuengirola.com\/es\/wp-json\/wp\/v2\/media?parent=1992"}],"curies":[{"name":"wp","href":"https:\/\/api.w.org\/{rel}","templated":true}]}}